{"id":17634,"date":"2022-12-28T12:29:19","date_gmt":"2022-12-28T12:29:19","guid":{"rendered":"https:\/\/vatgas.hemsida.eu\/bjorn-aronsson-2\/"},"modified":"2023-08-15T12:27:31","modified_gmt":"2023-08-15T12:27:31","slug":"bjorn-aronsson-2","status":"publish","type":"page","link":"https:\/\/vatgas.se\/en\/about-us\/bjorn-aronsson-2\/","title":{"rendered":"Bj\u00f6rn Aronsson"},"content":{"rendered":"\n<p>Bj\u00f6rn Aronsson has many years of experience in the international automotive industry in areas such as production technology, project management for R&amp;D projects, research and pre-development for both OEMs and suppliers. He has worked for a few years for a Swedish authority as a business developer for foreign investments. He has run his own company for a few years before he stepped into the position as business manager for V\u00e4tgas Sverige in 2010. He often draws his leadership inspiration from the world of sports, where he has been active in several different sports for many years and he also has many years of experience from board work.<\/p>\n","protected":false},"excerpt":{"rendered":"<p>Bj\u00f6rn Aronsson has many years of experience in the international automotive industry in areas such as production technology, project management for R&amp;D projects, research and pre-development for both OEMs and <a class=\"moretag\" href=\"https:\/\/vatgas.se\/en\/about-us\/bjorn-aronsson-2\/\">[&#8230;]<\/a><\/p>\n","protected":false},"author":3,"featured_media":0,"parent":17659,"menu_order":0,"comment_status":"closed","ping_status":"closed","template":"templates\/template-single-person.php","meta":{"_acf_changed":false,"footnotes":""},"class_list":["post-17634","page","type-page","status-publish","hentry"],"acf":[],"yoast_head":"<!-- This site is optimized with the Yoast SEO plugin v27.5 - https:\/\/yoast.com\/product\/yoast-seo-wordpress\/ -->\n<title>Bj\u00f6rn Aronsson - V\u00e4tgas Sverige<\/title>\n<meta name=\"robots\" content=\"index, follow, max-snippet:-1, max-image-preview:large, max-video-preview:-1\" \/>\n<link rel=\"canonical\" href=\"https:\/\/vatgas.se\/en\/about-us\/bjorn-aronsson-2\/\" \/>\n<meta property=\"og:locale\" content=\"en_US\" \/>\n<meta property=\"og:type\" content=\"article\" \/>\n<meta property=\"og:title\" content=\"Bj\u00f6rn Aronsson - V\u00e4tgas Sverige\" \/>\n<meta property=\"og:description\" content=\"Bj\u00f6rn Aronsson has many years of experience in the international automotive industry in areas such as production technology, project management for R&amp;D projects, research and pre-development for both OEMs and [...]\" \/>\n<meta property=\"og:url\" content=\"https:\/\/vatgas.se\/en\/about-us\/bjorn-aronsson-2\/\" \/>\n<meta property=\"og:site_name\" content=\"V\u00e4tgas Sverige\" \/>\n<meta property=\"article:modified_time\" content=\"2023-08-15T12:27:31+00:00\" \/>\n<meta name=\"twitter:card\" content=\"summary_large_image\" \/>\n<meta name=\"twitter:label1\" content=\"Est. reading time\" \/>\n\t<meta name=\"twitter:data1\" content=\"1 minute\" \/>\n<script type=\"application\/ld+json\" class=\"yoast-schema-graph\">{\"@context\":\"https:\\\/\\\/schema.org\",\"@graph\":[{\"@type\":\"WebPage\",\"@id\":\"https:\\\/\\\/vatgas.se\\\/en\\\/about-us\\\/bjorn-aronsson-2\\\/\",\"url\":\"https:\\\/\\\/vatgas.se\\\/en\\\/about-us\\\/bjorn-aronsson-2\\\/\",\"name\":\"Bj\u00f6rn Aronsson - V\u00e4tgas Sverige\",\"isPartOf\":{\"@id\":\"https:\\\/\\\/vatgas.se\\\/en\\\/#website\"},\"datePublished\":\"2022-12-28T12:29:19+00:00\",\"dateModified\":\"2023-08-15T12:27:31+00:00\",\"breadcrumb\":{\"@id\":\"https:\\\/\\\/vatgas.se\\\/en\\\/about-us\\\/bjorn-aronsson-2\\\/#breadcrumb\"},\"inLanguage\":\"en-US\",\"potentialAction\":[{\"@type\":\"ReadAction\",\"target\":[\"https:\\\/\\\/vatgas.se\\\/en\\\/about-us\\\/bjorn-aronsson-2\\\/\"]}]},{\"@type\":\"BreadcrumbList\",\"@id\":\"https:\\\/\\\/vatgas.se\\\/en\\\/about-us\\\/bjorn-aronsson-2\\\/#breadcrumb\",\"itemListElement\":[{\"@type\":\"ListItem\",\"position\":1,\"name\":\"Home\",\"item\":\"https:\\\/\\\/vatgas.se\\\/en\\\/\"},{\"@type\":\"ListItem\",\"position\":2,\"name\":\"About us\",\"item\":\"https:\\\/\\\/vatgas.se\\\/en\\\/about-us\\\/\"},{\"@type\":\"ListItem\",\"position\":3,\"name\":\"Bj\u00f6rn Aronsson\"}]},{\"@type\":\"WebSite\",\"@id\":\"https:\\\/\\\/vatgas.se\\\/en\\\/#website\",\"url\":\"https:\\\/\\\/vatgas.se\\\/en\\\/\",\"name\":\"V\u00e4tgas Sverige\",\"description\":\"Just another WordPress site\",\"publisher\":{\"@id\":\"https:\\\/\\\/vatgas.se\\\/en\\\/#organization\"},\"potentialAction\":[{\"@type\":\"SearchAction\",\"target\":{\"@type\":\"EntryPoint\",\"urlTemplate\":\"https:\\\/\\\/vatgas.se\\\/en\\\/?s={search_term_string}\"},\"query-input\":{\"@type\":\"PropertyValueSpecification\",\"valueRequired\":true,\"valueName\":\"search_term_string\"}}],\"inLanguage\":\"en-US\"},{\"@type\":\"Organization\",\"@id\":\"https:\\\/\\\/vatgas.se\\\/en\\\/#organization\",\"name\":\"V\u00e4tgas Sverige\",\"url\":\"https:\\\/\\\/vatgas.se\\\/en\\\/\",\"logo\":{\"@type\":\"ImageObject\",\"inLanguage\":\"en-US\",\"@id\":\"https:\\\/\\\/vatgas.se\\\/en\\\/#\\\/schema\\\/logo\\\/image\\\/\",\"url\":\"https:\\\/\\\/vatgas.se\\\/wp-content\\\/uploads\\\/2022\\\/06\\\/LOGO.png\",\"contentUrl\":\"https:\\\/\\\/vatgas.se\\\/wp-content\\\/uploads\\\/2022\\\/06\\\/LOGO.png\",\"width\":240,\"height\":147,\"caption\":\"V\u00e4tgas Sverige\"},\"image\":{\"@id\":\"https:\\\/\\\/vatgas.se\\\/en\\\/#\\\/schema\\\/logo\\\/image\\\/\"}}]}<\/script>\n<!-- \/ Yoast SEO plugin. -->","yoast_head_json":{"title":"Bj\u00f6rn Aronsson - V\u00e4tgas Sverige","robots":{"index":"index","follow":"follow","max-snippet":"max-snippet:-1","max-image-preview":"max-image-preview:large","max-video-preview":"max-video-preview:-1"},"canonical":"https:\/\/vatgas.se\/en\/about-us\/bjorn-aronsson-2\/","og_locale":"en_US","og_type":"article","og_title":"Bj\u00f6rn Aronsson - V\u00e4tgas Sverige","og_description":"Bj\u00f6rn Aronsson has many years of experience in the international automotive industry in areas such as production technology, project management for R&amp;D projects, research and pre-development for both OEMs and [...]","og_url":"https:\/\/vatgas.se\/en\/about-us\/bjorn-aronsson-2\/","og_site_name":"V\u00e4tgas Sverige","article_modified_time":"2023-08-15T12:27:31+00:00","twitter_card":"summary_large_image","twitter_misc":{"Est. reading time":"1 minute"},"schema":{"@context":"https:\/\/schema.org","@graph":[{"@type":"WebPage","@id":"https:\/\/vatgas.se\/en\/about-us\/bjorn-aronsson-2\/","url":"https:\/\/vatgas.se\/en\/about-us\/bjorn-aronsson-2\/","name":"Bj\u00f6rn Aronsson - V\u00e4tgas Sverige","isPartOf":{"@id":"https:\/\/vatgas.se\/en\/#website"},"datePublished":"2022-12-28T12:29:19+00:00","dateModified":"2023-08-15T12:27:31+00:00","breadcrumb":{"@id":"https:\/\/vatgas.se\/en\/about-us\/bjorn-aronsson-2\/#breadcrumb"},"inLanguage":"en-US","potentialAction":[{"@type":"ReadAction","target":["https:\/\/vatgas.se\/en\/about-us\/bjorn-aronsson-2\/"]}]},{"@type":"BreadcrumbList","@id":"https:\/\/vatgas.se\/en\/about-us\/bjorn-aronsson-2\/#breadcrumb","itemListElement":[{"@type":"ListItem","position":1,"name":"Home","item":"https:\/\/vatgas.se\/en\/"},{"@type":"ListItem","position":2,"name":"About us","item":"https:\/\/vatgas.se\/en\/about-us\/"},{"@type":"ListItem","position":3,"name":"Bj\u00f6rn Aronsson"}]},{"@type":"WebSite","@id":"https:\/\/vatgas.se\/en\/#website","url":"https:\/\/vatgas.se\/en\/","name":"V\u00e4tgas Sverige","description":"Just another WordPress site","publisher":{"@id":"https:\/\/vatgas.se\/en\/#organization"},"potentialAction":[{"@type":"SearchAction","target":{"@type":"EntryPoint","urlTemplate":"https:\/\/vatgas.se\/en\/?s={search_term_string}"},"query-input":{"@type":"PropertyValueSpecification","valueRequired":true,"valueName":"search_term_string"}}],"inLanguage":"en-US"},{"@type":"Organization","@id":"https:\/\/vatgas.se\/en\/#organization","name":"V\u00e4tgas Sverige","url":"https:\/\/vatgas.se\/en\/","logo":{"@type":"ImageObject","inLanguage":"en-US","@id":"https:\/\/vatgas.se\/en\/#\/schema\/logo\/image\/","url":"https:\/\/vatgas.se\/wp-content\/uploads\/2022\/06\/LOGO.png","contentUrl":"https:\/\/vatgas.se\/wp-content\/uploads\/2022\/06\/LOGO.png","width":240,"height":147,"caption":"V\u00e4tgas Sverige"},"image":{"@id":"https:\/\/vatgas.se\/en\/#\/schema\/logo\/image\/"}}]}},"_links":{"self":[{"href":"https:\/\/vatgas.se\/en\/wp-json\/wp\/v2\/pages\/17634","targetHints":{"allow":["GET"]}}],"collection":[{"href":"https:\/\/vatgas.se\/en\/wp-json\/wp\/v2\/pages"}],"about":[{"href":"https:\/\/vatgas.se\/en\/wp-json\/wp\/v2\/types\/page"}],"author":[{"embeddable":true,"href":"https:\/\/vatgas.se\/en\/wp-json\/wp\/v2\/users\/3"}],"replies":[{"embeddable":true,"href":"https:\/\/vatgas.se\/en\/wp-json\/wp\/v2\/comments?post=17634"}],"version-history":[{"count":3,"href":"https:\/\/vatgas.se\/en\/wp-json\/wp\/v2\/pages\/17634\/revisions"}],"predecessor-version":[{"id":18726,"href":"https:\/\/vatgas.se\/en\/wp-json\/wp\/v2\/pages\/17634\/revisions\/18726"}],"up":[{"embeddable":true,"href":"https:\/\/vatgas.se\/en\/wp-json\/wp\/v2\/pages\/17659"}],"wp:attachment":[{"href":"https:\/\/vatgas.se\/en\/wp-json\/wp\/v2\/media?parent=17634"}],"curies":[{"name":"wp","href":"https:\/\/api.w.org\/{rel}","templated":true}]}}