{"id":17662,"date":"2023-01-02T10:17:51","date_gmt":"2023-01-02T10:17:51","guid":{"rendered":"https:\/\/vatgas.hemsida.eu\/nedla-karahusic\/"},"modified":"2023-01-02T10:17:51","modified_gmt":"2023-01-02T10:17:51","slug":"nedla-karahusic","status":"publish","type":"page","link":"https:\/\/vatgas.se\/en\/nedla-karahusic\/","title":{"rendered":"Ne\u0111la Karahusi\u0107"},"content":{"rendered":"\n<p>Nedla has overall responsibility for financial and administrative tasks in a broad role with future development opportunities.<\/p>\n\n<p>She has worked for more than 14 years in the association in various roles, from administrator and finance assistant. For the past 10 years, Nedla has worked as finance manager and is used to meeting high performance requirements.<\/p>\n\n<p>She has a wide range of skills and is currently responsible for i.a. the association&#8217;s budget, closing and annual report work, ongoing accounting, invoice handling and various forecasts.<\/p>\n\n<p>Nedla has experience in financial follow-ups in the various EU projects that the association actively works with today.<\/p>\n","protected":false},"excerpt":{"rendered":"<p>Nedla has overall responsibility for financial and administrative tasks in a broad role with future development opportunities. She has worked for more than 14 years in the association in various <a class=\"moretag\" href=\"https:\/\/vatgas.se\/en\/nedla-karahusic\/\">[&#8230;]<\/a><\/p>\n","protected":false},"author":3,"featured_media":0,"parent":0,"menu_order":0,"comment_status":"closed","ping_status":"closed","template":"templates\/template-single-person.php","meta":{"_acf_changed":false,"footnotes":""},"class_list":["post-17662","page","type-page","status-publish","hentry"],"acf":[],"yoast_head":"<!-- This site is optimized with the Yoast SEO plugin v27.5 - https:\/\/yoast.com\/product\/yoast-seo-wordpress\/ -->\n<title>Ne\u0111la Karahusi\u0107 - V\u00e4tgas Sverige<\/title>\n<meta name=\"robots\" content=\"index, follow, max-snippet:-1, max-image-preview:large, max-video-preview:-1\" \/>\n<link rel=\"canonical\" href=\"https:\/\/vatgas.se\/en\/nedla-karahusic\/\" \/>\n<meta property=\"og:locale\" content=\"en_US\" \/>\n<meta property=\"og:type\" content=\"article\" \/>\n<meta property=\"og:title\" content=\"Ne\u0111la Karahusi\u0107 - V\u00e4tgas Sverige\" \/>\n<meta property=\"og:description\" content=\"Nedla has overall responsibility for financial and administrative tasks in a broad role with future development opportunities. She has worked for more than 14 years in the association in various [...]\" \/>\n<meta property=\"og:url\" content=\"https:\/\/vatgas.se\/en\/nedla-karahusic\/\" \/>\n<meta property=\"og:site_name\" content=\"V\u00e4tgas Sverige\" \/>\n<meta name=\"twitter:card\" content=\"summary_large_image\" \/>\n<meta name=\"twitter:label1\" content=\"Est. reading time\" \/>\n\t<meta name=\"twitter:data1\" content=\"1 minute\" \/>\n<script type=\"application\/ld+json\" class=\"yoast-schema-graph\">{\"@context\":\"https:\\\/\\\/schema.org\",\"@graph\":[{\"@type\":\"WebPage\",\"@id\":\"https:\\\/\\\/vatgas.se\\\/en\\\/nedla-karahusic\\\/\",\"url\":\"https:\\\/\\\/vatgas.se\\\/en\\\/nedla-karahusic\\\/\",\"name\":\"Ne\u0111la Karahusi\u0107 - V\u00e4tgas Sverige\",\"isPartOf\":{\"@id\":\"https:\\\/\\\/vatgas.se\\\/en\\\/#website\"},\"datePublished\":\"2023-01-02T10:17:51+00:00\",\"breadcrumb\":{\"@id\":\"https:\\\/\\\/vatgas.se\\\/en\\\/nedla-karahusic\\\/#breadcrumb\"},\"inLanguage\":\"en-US\",\"potentialAction\":[{\"@type\":\"ReadAction\",\"target\":[\"https:\\\/\\\/vatgas.se\\\/en\\\/nedla-karahusic\\\/\"]}]},{\"@type\":\"BreadcrumbList\",\"@id\":\"https:\\\/\\\/vatgas.se\\\/en\\\/nedla-karahusic\\\/#breadcrumb\",\"itemListElement\":[{\"@type\":\"ListItem\",\"position\":1,\"name\":\"Home\",\"item\":\"https:\\\/\\\/vatgas.se\\\/en\\\/\"},{\"@type\":\"ListItem\",\"position\":2,\"name\":\"Ne\u0111la Karahusi\u0107\"}]},{\"@type\":\"WebSite\",\"@id\":\"https:\\\/\\\/vatgas.se\\\/en\\\/#website\",\"url\":\"https:\\\/\\\/vatgas.se\\\/en\\\/\",\"name\":\"V\u00e4tgas Sverige\",\"description\":\"Just another WordPress site\",\"publisher\":{\"@id\":\"https:\\\/\\\/vatgas.se\\\/en\\\/#organization\"},\"potentialAction\":[{\"@type\":\"SearchAction\",\"target\":{\"@type\":\"EntryPoint\",\"urlTemplate\":\"https:\\\/\\\/vatgas.se\\\/en\\\/?s={search_term_string}\"},\"query-input\":{\"@type\":\"PropertyValueSpecification\",\"valueRequired\":true,\"valueName\":\"search_term_string\"}}],\"inLanguage\":\"en-US\"},{\"@type\":\"Organization\",\"@id\":\"https:\\\/\\\/vatgas.se\\\/en\\\/#organization\",\"name\":\"V\u00e4tgas Sverige\",\"url\":\"https:\\\/\\\/vatgas.se\\\/en\\\/\",\"logo\":{\"@type\":\"ImageObject\",\"inLanguage\":\"en-US\",\"@id\":\"https:\\\/\\\/vatgas.se\\\/en\\\/#\\\/schema\\\/logo\\\/image\\\/\",\"url\":\"https:\\\/\\\/vatgas.se\\\/wp-content\\\/uploads\\\/2022\\\/06\\\/LOGO.png\",\"contentUrl\":\"https:\\\/\\\/vatgas.se\\\/wp-content\\\/uploads\\\/2022\\\/06\\\/LOGO.png\",\"width\":240,\"height\":147,\"caption\":\"V\u00e4tgas Sverige\"},\"image\":{\"@id\":\"https:\\\/\\\/vatgas.se\\\/en\\\/#\\\/schema\\\/logo\\\/image\\\/\"}}]}<\/script>\n<!-- \/ Yoast SEO plugin. -->","yoast_head_json":{"title":"Ne\u0111la Karahusi\u0107 - V\u00e4tgas Sverige","robots":{"index":"index","follow":"follow","max-snippet":"max-snippet:-1","max-image-preview":"max-image-preview:large","max-video-preview":"max-video-preview:-1"},"canonical":"https:\/\/vatgas.se\/en\/nedla-karahusic\/","og_locale":"en_US","og_type":"article","og_title":"Ne\u0111la Karahusi\u0107 - V\u00e4tgas Sverige","og_description":"Nedla has overall responsibility for financial and administrative tasks in a broad role with future development opportunities. She has worked for more than 14 years in the association in various [...]","og_url":"https:\/\/vatgas.se\/en\/nedla-karahusic\/","og_site_name":"V\u00e4tgas Sverige","twitter_card":"summary_large_image","twitter_misc":{"Est. reading time":"1 minute"},"schema":{"@context":"https:\/\/schema.org","@graph":[{"@type":"WebPage","@id":"https:\/\/vatgas.se\/en\/nedla-karahusic\/","url":"https:\/\/vatgas.se\/en\/nedla-karahusic\/","name":"Ne\u0111la Karahusi\u0107 - V\u00e4tgas Sverige","isPartOf":{"@id":"https:\/\/vatgas.se\/en\/#website"},"datePublished":"2023-01-02T10:17:51+00:00","breadcrumb":{"@id":"https:\/\/vatgas.se\/en\/nedla-karahusic\/#breadcrumb"},"inLanguage":"en-US","potentialAction":[{"@type":"ReadAction","target":["https:\/\/vatgas.se\/en\/nedla-karahusic\/"]}]},{"@type":"BreadcrumbList","@id":"https:\/\/vatgas.se\/en\/nedla-karahusic\/#breadcrumb","itemListElement":[{"@type":"ListItem","position":1,"name":"Home","item":"https:\/\/vatgas.se\/en\/"},{"@type":"ListItem","position":2,"name":"Ne\u0111la Karahusi\u0107"}]},{"@type":"WebSite","@id":"https:\/\/vatgas.se\/en\/#website","url":"https:\/\/vatgas.se\/en\/","name":"V\u00e4tgas Sverige","description":"Just another WordPress site","publisher":{"@id":"https:\/\/vatgas.se\/en\/#organization"},"potentialAction":[{"@type":"SearchAction","target":{"@type":"EntryPoint","urlTemplate":"https:\/\/vatgas.se\/en\/?s={search_term_string}"},"query-input":{"@type":"PropertyValueSpecification","valueRequired":true,"valueName":"search_term_string"}}],"inLanguage":"en-US"},{"@type":"Organization","@id":"https:\/\/vatgas.se\/en\/#organization","name":"V\u00e4tgas Sverige","url":"https:\/\/vatgas.se\/en\/","logo":{"@type":"ImageObject","inLanguage":"en-US","@id":"https:\/\/vatgas.se\/en\/#\/schema\/logo\/image\/","url":"https:\/\/vatgas.se\/wp-content\/uploads\/2022\/06\/LOGO.png","contentUrl":"https:\/\/vatgas.se\/wp-content\/uploads\/2022\/06\/LOGO.png","width":240,"height":147,"caption":"V\u00e4tgas Sverige"},"image":{"@id":"https:\/\/vatgas.se\/en\/#\/schema\/logo\/image\/"}}]}},"_links":{"self":[{"href":"https:\/\/vatgas.se\/en\/wp-json\/wp\/v2\/pages\/17662","targetHints":{"allow":["GET"]}}],"collection":[{"href":"https:\/\/vatgas.se\/en\/wp-json\/wp\/v2\/pages"}],"about":[{"href":"https:\/\/vatgas.se\/en\/wp-json\/wp\/v2\/types\/page"}],"author":[{"embeddable":true,"href":"https:\/\/vatgas.se\/en\/wp-json\/wp\/v2\/users\/3"}],"replies":[{"embeddable":true,"href":"https:\/\/vatgas.se\/en\/wp-json\/wp\/v2\/comments?post=17662"}],"version-history":[{"count":1,"href":"https:\/\/vatgas.se\/en\/wp-json\/wp\/v2\/pages\/17662\/revisions"}],"predecessor-version":[{"id":17664,"href":"https:\/\/vatgas.se\/en\/wp-json\/wp\/v2\/pages\/17662\/revisions\/17664"}],"wp:attachment":[{"href":"https:\/\/vatgas.se\/en\/wp-json\/wp\/v2\/media?parent=17662"}],"curies":[{"name":"wp","href":"https:\/\/api.w.org\/{rel}","templated":true}]}}